{"id":1824,"date":"2018-03-30T22:06:54","date_gmt":"2018-03-30T20:06:54","guid":{"rendered":"https:\/\/www.lafeedeschamps.ch\/contatto\/"},"modified":"2026-03-27T08:57:49","modified_gmt":"2026-03-27T07:57:49","slug":"contatto","status":"publish","type":"page","link":"https:\/\/www.lafeedeschamps.ch\/it\/contatto\/","title":{"rendered":"Contatto"},"content":{"rendered":"&#13;\n<h6 class=\"has-text-align-center wp-block-heading\"><strong>Distilleria la f\u00e9e des champs&#13;\n<br\/><\/strong>Francine Isler Evard<br\/>Grandverger 28<br\/><span>CH-2057 VILLIERS<br\/>+41 79 245 43 07<br\/><a href=\"mailto:contact@lafeedeschamps.ch\">contact@lafeedeschamps.ch<\/a><\/span><\/h6>&#13;\n<p><iframe width=\"600\" height=\"450\" style=\"border: 0;\" src=\"https:\/\/www.google.com\/maps\/embed?pb=!1m17!1m12!1m3!1d347808.7172003607!2d6.6392788863724075!3d47.07445100000002!2m3!1f0!2f0!3f0!3m2!1i1024!2i768!4f13.1!3m2!1m1!2zNDfCsDA0JzI4LjAiTiA2wrA1OCcwNS42IkU!5e0!3m2!1sfr!2sch!4v1769530414273!5m2!1sfr!2sch\" allowfullscreen=\"allowfullscreen\" loading=\"lazy\" referrerpolicy=\"no-referrer-when-downgrade\"><\/iframe><\/p>\r\n&#13;\n<p>\u00a0<\/p>&#13;\n&#13;\n<p style=\"font-size: 15px;\">Venite a scoprire i nostri assenzi artigianali presso la distilleria la f\u00e9e des champs, situata a Villiers, nella Val de Ruz.<\/p>&#13;\n","protected":false},"excerpt":{"rendered":"<p>&#13; Distilleria la f\u00e9e des champs&#13; Francine Isler EvardGrandverger 28CH-2057 VILLIERS+41 79 245 43 07contact@lafeedeschamps.ch &#13; &#13; \u00a0 &#13; &#13; Venite a scoprire i nostri assenzi artigianali presso la distilleria la f\u00e9e des champs, situata a Villiers, nella Val de Ruz. &#13;<\/p>\n","protected":false},"author":14,"featured_media":0,"parent":0,"menu_order":0,"comment_status":"closed","ping_status":"closed","template":"","meta":{"footnotes":""},"class_list":["post-1824","page","type-page","status-publish","hentry"],"yoast_head":"<!-- This site is optimized with the Yoast SEO plugin v27.6 - https:\/\/yoast.com\/product\/yoast-seo-wordpress\/ -->\n<title>Contatto &#8211; Distillerie la f\u00e9e des champs - Neuch\u00e2tel<\/title>\n<meta name=\"description\" content=\"Venite a scoprire i nostri assenzi artigianali presso la distilleria la f\u00e9e des champs, situata a Villiers, nella Val de Ruz.\" \/>\n<meta name=\"robots\" content=\"index, follow, max-snippet:-1, max-image-preview:large, max-video-preview:-1\" \/>\n<link rel=\"canonical\" href=\"https:\/\/www.lafeedeschamps.ch\/it\/contatto\/\" \/>\n<meta property=\"og:locale\" content=\"it_IT\" \/>\n<meta property=\"og:type\" content=\"article\" \/>\n<meta property=\"og:title\" content=\"Contatto &#8211; Distillerie la f\u00e9e des champs - Neuch\u00e2tel\" \/>\n<meta property=\"og:description\" content=\"Venite a scoprire i nostri assenzi artigianali presso la distilleria la f\u00e9e des champs, situata a Villiers, nella Val de Ruz.\" \/>\n<meta property=\"og:url\" content=\"https:\/\/www.lafeedeschamps.ch\/it\/contatto\/\" \/>\n<meta property=\"og:site_name\" content=\"Distillerie la f\u00e9e des champs - Neuch\u00e2tel\" \/>\n<meta property=\"article:publisher\" content=\"https:\/\/www.facebook.com\/Distillerie-la-fe-des-champs-2139588042719849\/\" \/>\n<meta property=\"article:modified_time\" content=\"2026-03-27T07:57:49+00:00\" \/>\n<meta name=\"twitter:card\" content=\"summary_large_image\" \/>\n<script type=\"application\/ld+json\" class=\"yoast-schema-graph\">{\"@context\":\"https:\\\/\\\/schema.org\",\"@graph\":[{\"@type\":\"WebPage\",\"@id\":\"https:\\\/\\\/www.lafeedeschamps.ch\\\/it\\\/contatto\\\/\",\"url\":\"https:\\\/\\\/www.lafeedeschamps.ch\\\/it\\\/contatto\\\/\",\"name\":\"Contatto &#8211; Distillerie la f\u00e9e des champs - Neuch\u00e2tel\",\"isPartOf\":{\"@id\":\"https:\\\/\\\/www.lafeedeschamps.ch\\\/it\\\/#website\"},\"datePublished\":\"2018-03-30T20:06:54+00:00\",\"dateModified\":\"2026-03-27T07:57:49+00:00\",\"description\":\"Venite a scoprire i nostri assenzi artigianali presso la distilleria la f\u00e9e des champs, situata a Villiers, nella Val de Ruz.\",\"breadcrumb\":{\"@id\":\"https:\\\/\\\/www.lafeedeschamps.ch\\\/it\\\/contatto\\\/#breadcrumb\"},\"inLanguage\":\"it-IT\",\"potentialAction\":[{\"@type\":\"ReadAction\",\"target\":[\"https:\\\/\\\/www.lafeedeschamps.ch\\\/it\\\/contatto\\\/\"]}]},{\"@type\":\"BreadcrumbList\",\"@id\":\"https:\\\/\\\/www.lafeedeschamps.ch\\\/it\\\/contatto\\\/#breadcrumb\",\"itemListElement\":[{\"@type\":\"ListItem\",\"position\":1,\"name\":\"Accueil\",\"item\":\"https:\\\/\\\/www.lafeedeschamps.ch\\\/it\\\/\"},{\"@type\":\"ListItem\",\"position\":2,\"name\":\"Contatto\"}]},{\"@type\":\"WebSite\",\"@id\":\"https:\\\/\\\/www.lafeedeschamps.ch\\\/it\\\/#website\",\"url\":\"https:\\\/\\\/www.lafeedeschamps.ch\\\/it\\\/\",\"name\":\"Distillerie la f\u00e9e des champs\",\"description\":\"Absinthe artisanale du Val-de-Ruz\",\"potentialAction\":[{\"@type\":\"SearchAction\",\"target\":{\"@type\":\"EntryPoint\",\"urlTemplate\":\"https:\\\/\\\/www.lafeedeschamps.ch\\\/it\\\/?s={search_term_string}\"},\"query-input\":{\"@type\":\"PropertyValueSpecification\",\"valueRequired\":true,\"valueName\":\"search_term_string\"}}],\"inLanguage\":\"it-IT\"}]}<\/script>\n<!-- \/ Yoast SEO plugin. -->","yoast_head_json":{"title":"Contatto &#8211; Distillerie la f\u00e9e des champs - Neuch\u00e2tel","description":"Venite a scoprire i nostri assenzi artigianali presso la distilleria la f\u00e9e des champs, situata a Villiers, nella Val de Ruz.","robots":{"index":"index","follow":"follow","max-snippet":"max-snippet:-1","max-image-preview":"max-image-preview:large","max-video-preview":"max-video-preview:-1"},"canonical":"https:\/\/www.lafeedeschamps.ch\/it\/contatto\/","og_locale":"it_IT","og_type":"article","og_title":"Contatto &#8211; Distillerie la f\u00e9e des champs - Neuch\u00e2tel","og_description":"Venite a scoprire i nostri assenzi artigianali presso la distilleria la f\u00e9e des champs, situata a Villiers, nella Val de Ruz.","og_url":"https:\/\/www.lafeedeschamps.ch\/it\/contatto\/","og_site_name":"Distillerie la f\u00e9e des champs - Neuch\u00e2tel","article_publisher":"https:\/\/www.facebook.com\/Distillerie-la-fe-des-champs-2139588042719849\/","article_modified_time":"2026-03-27T07:57:49+00:00","twitter_card":"summary_large_image","schema":{"@context":"https:\/\/schema.org","@graph":[{"@type":"WebPage","@id":"https:\/\/www.lafeedeschamps.ch\/it\/contatto\/","url":"https:\/\/www.lafeedeschamps.ch\/it\/contatto\/","name":"Contatto &#8211; Distillerie la f\u00e9e des champs - Neuch\u00e2tel","isPartOf":{"@id":"https:\/\/www.lafeedeschamps.ch\/it\/#website"},"datePublished":"2018-03-30T20:06:54+00:00","dateModified":"2026-03-27T07:57:49+00:00","description":"Venite a scoprire i nostri assenzi artigianali presso la distilleria la f\u00e9e des champs, situata a Villiers, nella Val de Ruz.","breadcrumb":{"@id":"https:\/\/www.lafeedeschamps.ch\/it\/contatto\/#breadcrumb"},"inLanguage":"it-IT","potentialAction":[{"@type":"ReadAction","target":["https:\/\/www.lafeedeschamps.ch\/it\/contatto\/"]}]},{"@type":"BreadcrumbList","@id":"https:\/\/www.lafeedeschamps.ch\/it\/contatto\/#breadcrumb","itemListElement":[{"@type":"ListItem","position":1,"name":"Accueil","item":"https:\/\/www.lafeedeschamps.ch\/it\/"},{"@type":"ListItem","position":2,"name":"Contatto"}]},{"@type":"WebSite","@id":"https:\/\/www.lafeedeschamps.ch\/it\/#website","url":"https:\/\/www.lafeedeschamps.ch\/it\/","name":"Distillerie la f\u00e9e des champs","description":"Absinthe artisanale du Val-de-Ruz","potentialAction":[{"@type":"SearchAction","target":{"@type":"EntryPoint","urlTemplate":"https:\/\/www.lafeedeschamps.ch\/it\/?s={search_term_string}"},"query-input":{"@type":"PropertyValueSpecification","valueRequired":true,"valueName":"search_term_string"}}],"inLanguage":"it-IT"}]}},"_links":{"self":[{"href":"https:\/\/www.lafeedeschamps.ch\/it\/wp-json\/wp\/v2\/pages\/1824","targetHints":{"allow":["GET"]}}],"collection":[{"href":"https:\/\/www.lafeedeschamps.ch\/it\/wp-json\/wp\/v2\/pages"}],"about":[{"href":"https:\/\/www.lafeedeschamps.ch\/it\/wp-json\/wp\/v2\/types\/page"}],"author":[{"embeddable":true,"href":"https:\/\/www.lafeedeschamps.ch\/it\/wp-json\/wp\/v2\/users\/14"}],"replies":[{"embeddable":true,"href":"https:\/\/www.lafeedeschamps.ch\/it\/wp-json\/wp\/v2\/comments?post=1824"}],"version-history":[{"count":2,"href":"https:\/\/www.lafeedeschamps.ch\/it\/wp-json\/wp\/v2\/pages\/1824\/revisions"}],"predecessor-version":[{"id":2387,"href":"https:\/\/www.lafeedeschamps.ch\/it\/wp-json\/wp\/v2\/pages\/1824\/revisions\/2387"}],"wp:attachment":[{"href":"https:\/\/www.lafeedeschamps.ch\/it\/wp-json\/wp\/v2\/media?parent=1824"}],"curies":[{"name":"wp","href":"https:\/\/api.w.org\/{rel}","templated":true}]}}