{"id":1938,"date":"2018-11-26T11:13:12","date_gmt":"2018-11-26T10:13:12","guid":{"rendered":"https:\/\/www.lafeedeschamps.ch\/produit\/verre-a-absinthe\/"},"modified":"2022-11-02T16:10:21","modified_gmt":"2022-11-02T15:10:21","slug":"verre-a-absinthe","status":"publish","type":"product","link":"https:\/\/www.lafeedeschamps.ch\/en\/produit\/verre-a-absinthe\/","title":{"rendered":"Absinthe glass"},"content":{"rendered":"<p>Absinthe glass blown by mouth.<br \/>\nThis beautifully made glass is inspired by the &#8220;Pontarlier&#8221; model from the end of the 19th century.<br \/>\nIts reservoir of about 3 cl. allows to dose the elixir.<\/p>\n","protected":false},"excerpt":{"rendered":"<p>Absinthe glass blown by mouth.<br \/>\nThis beautifully made glass is inspired by the &#8220;Pontarlier&#8221; model from the end of the 19th century.<\/p>\n","protected":false},"featured_media":1703,"template":"","meta":[],"product_brand":[],"product_cat":[68],"product_tag":[],"class_list":{"0":"post-1938","1":"product","2":"type-product","3":"status-publish","4":"has-post-thumbnail","6":"product_cat-objects","8":"first","9":"instock","10":"shipping-taxable","11":"purchasable","12":"product-type-simple"},"yoast_head":"<!-- This site is optimized with the Yoast SEO plugin v27.3 - https:\/\/yoast.com\/product\/yoast-seo-wordpress\/ -->\n<title>Absinthe glass &#8211; Distillerie la f\u00e9e des champs - Neuch\u00e2tel<\/title>\n<meta name=\"description\" content=\"Verre \u00e0 absinthe souffl\u00e9 bouche.Ce verre de belle facture est inspir\u00e9 du mod\u00e8le \u00ab Pontarlier \u00bb de la fin du 19\u00e8me si\u00e8cle.\" \/>\n<meta name=\"robots\" content=\"index, follow, max-snippet:-1, max-image-preview:large, max-video-preview:-1\" \/>\n<link rel=\"canonical\" href=\"https:\/\/www.lafeedeschamps.ch\/en\/produit\/verre-a-absinthe\/\" \/>\n<meta property=\"og:locale\" content=\"en_US\" \/>\n<meta property=\"og:type\" content=\"article\" \/>\n<meta property=\"og:title\" content=\"Absinthe glass &#8211; Distillerie la f\u00e9e des champs - Neuch\u00e2tel\" \/>\n<meta property=\"og:description\" content=\"Verre \u00e0 absinthe souffl\u00e9 bouche.Ce verre de belle facture est inspir\u00e9 du mod\u00e8le \u00ab Pontarlier \u00bb de la fin du 19\u00e8me si\u00e8cle.\" \/>\n<meta property=\"og:url\" content=\"https:\/\/www.lafeedeschamps.ch\/en\/produit\/verre-a-absinthe\/\" \/>\n<meta property=\"og:site_name\" content=\"Distillerie la f\u00e9e des champs - Neuch\u00e2tel\" \/>\n<meta property=\"article:publisher\" content=\"https:\/\/www.facebook.com\/Distillerie-la-fe-des-champs-2139588042719849\/\" \/>\n<meta property=\"article:modified_time\" content=\"2022-11-02T15:10:21+00:00\" \/>\n<meta property=\"og:image\" content=\"https:\/\/www.lafeedeschamps.ch\/wp-content\/uploads\/2018\/11\/Verre-\u00e0-absinthe-WEB.jpg\" \/>\n\t<meta property=\"og:image:width\" content=\"3350\" \/>\n\t<meta property=\"og:image:height\" content=\"5026\" \/>\n\t<meta property=\"og:image:type\" content=\"image\/jpeg\" \/>\n<meta name=\"twitter:card\" content=\"summary_large_image\" \/>\n<script type=\"application\/ld+json\" class=\"yoast-schema-graph\">{\"@context\":\"https:\\\/\\\/schema.org\",\"@graph\":[{\"@type\":\"WebPage\",\"@id\":\"https:\\\/\\\/www.lafeedeschamps.ch\\\/en\\\/produit\\\/verre-a-absinthe\\\/\",\"url\":\"https:\\\/\\\/www.lafeedeschamps.ch\\\/en\\\/produit\\\/verre-a-absinthe\\\/\",\"name\":\"Absinthe glass &#8211; Distillerie la f\u00e9e des champs - Neuch\u00e2tel\",\"isPartOf\":{\"@id\":\"https:\\\/\\\/www.lafeedeschamps.ch\\\/en\\\/#website\"},\"primaryImageOfPage\":{\"@id\":\"https:\\\/\\\/www.lafeedeschamps.ch\\\/en\\\/produit\\\/verre-a-absinthe\\\/#primaryimage\"},\"image\":{\"@id\":\"https:\\\/\\\/www.lafeedeschamps.ch\\\/en\\\/produit\\\/verre-a-absinthe\\\/#primaryimage\"},\"thumbnailUrl\":\"https:\\\/\\\/www.lafeedeschamps.ch\\\/wp-content\\\/uploads\\\/2018\\\/11\\\/Verre-\u00e0-absinthe-WEB-scaled.jpg\",\"datePublished\":\"2018-11-26T10:13:12+00:00\",\"dateModified\":\"2022-11-02T15:10:21+00:00\",\"description\":\"Verre \u00e0 absinthe souffl\u00e9 bouche.Ce verre de belle facture est inspir\u00e9 du mod\u00e8le \u00ab Pontarlier \u00bb de la fin du 19\u00e8me si\u00e8cle.\",\"breadcrumb\":{\"@id\":\"https:\\\/\\\/www.lafeedeschamps.ch\\\/en\\\/produit\\\/verre-a-absinthe\\\/#breadcrumb\"},\"inLanguage\":\"en-US\",\"potentialAction\":[{\"@type\":\"ReadAction\",\"target\":[\"https:\\\/\\\/www.lafeedeschamps.ch\\\/en\\\/produit\\\/verre-a-absinthe\\\/\"]}]},{\"@type\":\"ImageObject\",\"inLanguage\":\"en-US\",\"@id\":\"https:\\\/\\\/www.lafeedeschamps.ch\\\/en\\\/produit\\\/verre-a-absinthe\\\/#primaryimage\",\"url\":\"https:\\\/\\\/www.lafeedeschamps.ch\\\/wp-content\\\/uploads\\\/2018\\\/11\\\/Verre-\u00e0-absinthe-WEB-scaled.jpg\",\"contentUrl\":\"https:\\\/\\\/www.lafeedeschamps.ch\\\/wp-content\\\/uploads\\\/2018\\\/11\\\/Verre-\u00e0-absinthe-WEB-scaled.jpg\",\"width\":3350,\"height\":5026},{\"@type\":\"BreadcrumbList\",\"@id\":\"https:\\\/\\\/www.lafeedeschamps.ch\\\/en\\\/produit\\\/verre-a-absinthe\\\/#breadcrumb\",\"itemListElement\":[{\"@type\":\"ListItem\",\"position\":1,\"name\":\"Accueil\",\"item\":\"https:\\\/\\\/www.lafeedeschamps.ch\\\/en\\\/\"},{\"@type\":\"ListItem\",\"position\":2,\"name\":\"Shop\",\"item\":\"https:\\\/\\\/www.lafeedeschamps.ch\\\/en\\\/shop\\\/\"},{\"@type\":\"ListItem\",\"position\":3,\"name\":\"Absinthe glass\"}]},{\"@type\":\"WebSite\",\"@id\":\"https:\\\/\\\/www.lafeedeschamps.ch\\\/en\\\/#website\",\"url\":\"https:\\\/\\\/www.lafeedeschamps.ch\\\/en\\\/\",\"name\":\"Distillerie la f\u00e9e des champs\",\"description\":\"Absinthe artisanale du Val-de-Ruz\",\"potentialAction\":[{\"@type\":\"SearchAction\",\"target\":{\"@type\":\"EntryPoint\",\"urlTemplate\":\"https:\\\/\\\/www.lafeedeschamps.ch\\\/en\\\/?s={search_term_string}\"},\"query-input\":{\"@type\":\"PropertyValueSpecification\",\"valueRequired\":true,\"valueName\":\"search_term_string\"}}],\"inLanguage\":\"en-US\"}]}<\/script>\n<!-- \/ Yoast SEO plugin. -->","yoast_head_json":{"title":"Absinthe glass &#8211; Distillerie la f\u00e9e des champs - Neuch\u00e2tel","description":"Verre \u00e0 absinthe souffl\u00e9 bouche.Ce verre de belle facture est inspir\u00e9 du mod\u00e8le \u00ab Pontarlier \u00bb de la fin du 19\u00e8me si\u00e8cle.","robots":{"index":"index","follow":"follow","max-snippet":"max-snippet:-1","max-image-preview":"max-image-preview:large","max-video-preview":"max-video-preview:-1"},"canonical":"https:\/\/www.lafeedeschamps.ch\/en\/produit\/verre-a-absinthe\/","og_locale":"en_US","og_type":"article","og_title":"Absinthe glass &#8211; Distillerie la f\u00e9e des champs - Neuch\u00e2tel","og_description":"Verre \u00e0 absinthe souffl\u00e9 bouche.Ce verre de belle facture est inspir\u00e9 du mod\u00e8le \u00ab Pontarlier \u00bb de la fin du 19\u00e8me si\u00e8cle.","og_url":"https:\/\/www.lafeedeschamps.ch\/en\/produit\/verre-a-absinthe\/","og_site_name":"Distillerie la f\u00e9e des champs - Neuch\u00e2tel","article_publisher":"https:\/\/www.facebook.com\/Distillerie-la-fe-des-champs-2139588042719849\/","article_modified_time":"2022-11-02T15:10:21+00:00","og_image":[{"width":3350,"height":5026,"url":"https:\/\/www.lafeedeschamps.ch\/wp-content\/uploads\/2018\/11\/Verre-\u00e0-absinthe-WEB.jpg","type":"image\/jpeg"}],"twitter_card":"summary_large_image","schema":{"@context":"https:\/\/schema.org","@graph":[{"@type":"WebPage","@id":"https:\/\/www.lafeedeschamps.ch\/en\/produit\/verre-a-absinthe\/","url":"https:\/\/www.lafeedeschamps.ch\/en\/produit\/verre-a-absinthe\/","name":"Absinthe glass &#8211; Distillerie la f\u00e9e des champs - Neuch\u00e2tel","isPartOf":{"@id":"https:\/\/www.lafeedeschamps.ch\/en\/#website"},"primaryImageOfPage":{"@id":"https:\/\/www.lafeedeschamps.ch\/en\/produit\/verre-a-absinthe\/#primaryimage"},"image":{"@id":"https:\/\/www.lafeedeschamps.ch\/en\/produit\/verre-a-absinthe\/#primaryimage"},"thumbnailUrl":"https:\/\/www.lafeedeschamps.ch\/wp-content\/uploads\/2018\/11\/Verre-\u00e0-absinthe-WEB-scaled.jpg","datePublished":"2018-11-26T10:13:12+00:00","dateModified":"2022-11-02T15:10:21+00:00","description":"Verre \u00e0 absinthe souffl\u00e9 bouche.Ce verre de belle facture est inspir\u00e9 du mod\u00e8le \u00ab Pontarlier \u00bb de la fin du 19\u00e8me si\u00e8cle.","breadcrumb":{"@id":"https:\/\/www.lafeedeschamps.ch\/en\/produit\/verre-a-absinthe\/#breadcrumb"},"inLanguage":"en-US","potentialAction":[{"@type":"ReadAction","target":["https:\/\/www.lafeedeschamps.ch\/en\/produit\/verre-a-absinthe\/"]}]},{"@type":"ImageObject","inLanguage":"en-US","@id":"https:\/\/www.lafeedeschamps.ch\/en\/produit\/verre-a-absinthe\/#primaryimage","url":"https:\/\/www.lafeedeschamps.ch\/wp-content\/uploads\/2018\/11\/Verre-\u00e0-absinthe-WEB-scaled.jpg","contentUrl":"https:\/\/www.lafeedeschamps.ch\/wp-content\/uploads\/2018\/11\/Verre-\u00e0-absinthe-WEB-scaled.jpg","width":3350,"height":5026},{"@type":"BreadcrumbList","@id":"https:\/\/www.lafeedeschamps.ch\/en\/produit\/verre-a-absinthe\/#breadcrumb","itemListElement":[{"@type":"ListItem","position":1,"name":"Accueil","item":"https:\/\/www.lafeedeschamps.ch\/en\/"},{"@type":"ListItem","position":2,"name":"Shop","item":"https:\/\/www.lafeedeschamps.ch\/en\/shop\/"},{"@type":"ListItem","position":3,"name":"Absinthe glass"}]},{"@type":"WebSite","@id":"https:\/\/www.lafeedeschamps.ch\/en\/#website","url":"https:\/\/www.lafeedeschamps.ch\/en\/","name":"Distillerie la f\u00e9e des champs","description":"Absinthe artisanale du Val-de-Ruz","potentialAction":[{"@type":"SearchAction","target":{"@type":"EntryPoint","urlTemplate":"https:\/\/www.lafeedeschamps.ch\/en\/?s={search_term_string}"},"query-input":{"@type":"PropertyValueSpecification","valueRequired":true,"valueName":"search_term_string"}}],"inLanguage":"en-US"}]}},"_links":{"self":[{"href":"https:\/\/www.lafeedeschamps.ch\/en\/wp-json\/wp\/v2\/product\/1938","targetHints":{"allow":["GET"]}}],"collection":[{"href":"https:\/\/www.lafeedeschamps.ch\/en\/wp-json\/wp\/v2\/product"}],"about":[{"href":"https:\/\/www.lafeedeschamps.ch\/en\/wp-json\/wp\/v2\/types\/product"}],"wp:featuredmedia":[{"embeddable":true,"href":"https:\/\/www.lafeedeschamps.ch\/en\/wp-json\/wp\/v2\/media\/1703"}],"wp:attachment":[{"href":"https:\/\/www.lafeedeschamps.ch\/en\/wp-json\/wp\/v2\/media?parent=1938"}],"wp:term":[{"taxonomy":"product_brand","embeddable":true,"href":"https:\/\/www.lafeedeschamps.ch\/en\/wp-json\/wp\/v2\/product_brand?post=1938"},{"taxonomy":"product_cat","embeddable":true,"href":"https:\/\/www.lafeedeschamps.ch\/en\/wp-json\/wp\/v2\/product_cat?post=1938"},{"taxonomy":"product_tag","embeddable":true,"href":"https:\/\/www.lafeedeschamps.ch\/en\/wp-json\/wp\/v2\/product_tag?post=1938"}],"curies":[{"name":"wp","href":"https:\/\/api.w.org\/{rel}","templated":true}]}}