{"id":2159,"date":"2023-08-07T13:45:08","date_gmt":"2023-08-07T11:45:08","guid":{"rendered":"https:\/\/www.lafeedeschamps.ch\/produit\/absinth-fontane\/"},"modified":"2023-08-07T13:45:08","modified_gmt":"2023-08-07T11:45:08","slug":"absinth-fontane","status":"publish","type":"product","link":"https:\/\/www.lafeedeschamps.ch\/de\/produit\/absinth-fontane\/","title":{"rendered":"Absinth-Font\u00e4ne"},"content":{"rendered":"<p>Rund so schlank wie schlank, der Spiegel unserer Feen.<\/p>\n<p>Zygoteau ist eine Absinth-Font\u00e4ne, die in der Schweiz handwerklich hergestellt wird.<\/p>\n<p>Die Talente eines Drechslers, eines Bl\u00e4sers und eines Feinmechanikers lassen ihn entstehen.<\/p>\n<p>Das Gestell kann aus verschiedenen Holzarten gedrechselt werden.<\/p>\n","protected":false},"excerpt":{"rendered":"<p>Eine Absinth-Font\u00e4ne, die in Schweizer Handarbeit hergestellt wird.<\/p>\n<p>Die Talente eines Drehers, eines Bl\u00e4sers und eines Feinmechanikers lassen sie entstehen.<\/p>\n<p>Das abgebildete Modell ist aus Eschenholz.<\/p>\n","protected":false},"featured_media":2129,"template":"","meta":[],"product_brand":[],"product_cat":[69],"product_tag":[],"class_list":{"0":"post-2159","1":"product","2":"type-product","3":"status-publish","4":"has-post-thumbnail","6":"product_cat-objekte","7":"product_shipping_class-emballage-de","9":"first","10":"instock","11":"shipping-taxable","12":"purchasable","13":"product-type-simple"},"yoast_head":"<!-- This site is optimized with the Yoast SEO plugin v27.6 - https:\/\/yoast.com\/product\/yoast-seo-wordpress\/ -->\n<title>Absinth-Font\u00e4ne &#8211; Distillerie la f\u00e9e des champs - Neuch\u00e2tel<\/title>\n<meta name=\"robots\" content=\"index, follow, max-snippet:-1, max-image-preview:large, max-video-preview:-1\" \/>\n<link rel=\"canonical\" href=\"https:\/\/www.lafeedeschamps.ch\/de\/produit\/absinth-fontane\/\" \/>\n<meta property=\"og:locale\" content=\"de_DE\" \/>\n<meta property=\"og:type\" content=\"article\" \/>\n<meta property=\"og:title\" content=\"Absinth-Font\u00e4ne &#8211; Distillerie la f\u00e9e des champs - Neuch\u00e2tel\" \/>\n<meta property=\"og:description\" content=\"Eine Absinth-Font\u00e4ne, die in Schweizer Handarbeit hergestellt wird.  Die Talente eines Drehers, eines Bl\u00e4sers und eines Feinmechanikers lassen sie entstehen.  Das abgebildete Modell ist aus Eschenholz.\" \/>\n<meta property=\"og:url\" content=\"https:\/\/www.lafeedeschamps.ch\/de\/produit\/absinth-fontane\/\" \/>\n<meta property=\"og:site_name\" content=\"Distillerie la f\u00e9e des champs - Neuch\u00e2tel\" \/>\n<meta property=\"article:publisher\" content=\"https:\/\/www.facebook.com\/Distillerie-la-fe-des-champs-2139588042719849\/\" \/>\n<meta property=\"og:image\" content=\"https:\/\/www.lafeedeschamps.ch\/wp-content\/uploads\/2023\/08\/Fontaine-a-absinthe-Zygoteau-boutique-WEB-1-scaled.jpg\" \/>\n\t<meta property=\"og:image:width\" content=\"1707\" \/>\n\t<meta property=\"og:image:height\" content=\"2560\" \/>\n\t<meta property=\"og:image:type\" content=\"image\/jpeg\" \/>\n<meta name=\"twitter:card\" content=\"summary_large_image\" \/>\n<script type=\"application\/ld+json\" class=\"yoast-schema-graph\">{\"@context\":\"https:\\\/\\\/schema.org\",\"@graph\":[{\"@type\":\"WebPage\",\"@id\":\"https:\\\/\\\/www.lafeedeschamps.ch\\\/de\\\/produit\\\/absinth-fontane\\\/\",\"url\":\"https:\\\/\\\/www.lafeedeschamps.ch\\\/de\\\/produit\\\/absinth-fontane\\\/\",\"name\":\"Absinth-Font\u00e4ne &#8211; Distillerie la f\u00e9e des champs - Neuch\u00e2tel\",\"isPartOf\":{\"@id\":\"https:\\\/\\\/www.lafeedeschamps.ch\\\/de\\\/#website\"},\"primaryImageOfPage\":{\"@id\":\"https:\\\/\\\/www.lafeedeschamps.ch\\\/de\\\/produit\\\/absinth-fontane\\\/#primaryimage\"},\"image\":{\"@id\":\"https:\\\/\\\/www.lafeedeschamps.ch\\\/de\\\/produit\\\/absinth-fontane\\\/#primaryimage\"},\"thumbnailUrl\":\"https:\\\/\\\/www.lafeedeschamps.ch\\\/wp-content\\\/uploads\\\/2023\\\/08\\\/Fontaine-a-absinthe-Zygoteau-WEB-scaled.jpg\",\"datePublished\":\"2023-08-07T11:45:08+00:00\",\"breadcrumb\":{\"@id\":\"https:\\\/\\\/www.lafeedeschamps.ch\\\/de\\\/produit\\\/absinth-fontane\\\/#breadcrumb\"},\"inLanguage\":\"de\",\"potentialAction\":[{\"@type\":\"ReadAction\",\"target\":[\"https:\\\/\\\/www.lafeedeschamps.ch\\\/de\\\/produit\\\/absinth-fontane\\\/\"]}]},{\"@type\":\"ImageObject\",\"inLanguage\":\"de\",\"@id\":\"https:\\\/\\\/www.lafeedeschamps.ch\\\/de\\\/produit\\\/absinth-fontane\\\/#primaryimage\",\"url\":\"https:\\\/\\\/www.lafeedeschamps.ch\\\/wp-content\\\/uploads\\\/2023\\\/08\\\/Fontaine-a-absinthe-Zygoteau-WEB-scaled.jpg\",\"contentUrl\":\"https:\\\/\\\/www.lafeedeschamps.ch\\\/wp-content\\\/uploads\\\/2023\\\/08\\\/Fontaine-a-absinthe-Zygoteau-WEB-scaled.jpg\",\"width\":1706,\"height\":2560},{\"@type\":\"BreadcrumbList\",\"@id\":\"https:\\\/\\\/www.lafeedeschamps.ch\\\/de\\\/produit\\\/absinth-fontane\\\/#breadcrumb\",\"itemListElement\":[{\"@type\":\"ListItem\",\"position\":1,\"name\":\"Accueil\",\"item\":\"https:\\\/\\\/www.lafeedeschamps.ch\\\/de\\\/\"},{\"@type\":\"ListItem\",\"position\":2,\"name\":\"Shop\",\"item\":\"https:\\\/\\\/www.lafeedeschamps.ch\\\/de\\\/shop\\\/\"},{\"@type\":\"ListItem\",\"position\":3,\"name\":\"Absinth-Font\u00e4ne\"}]},{\"@type\":\"WebSite\",\"@id\":\"https:\\\/\\\/www.lafeedeschamps.ch\\\/de\\\/#website\",\"url\":\"https:\\\/\\\/www.lafeedeschamps.ch\\\/de\\\/\",\"name\":\"Distillerie la f\u00e9e des champs\",\"description\":\"Absinthe artisanale du Val-de-Ruz\",\"potentialAction\":[{\"@type\":\"SearchAction\",\"target\":{\"@type\":\"EntryPoint\",\"urlTemplate\":\"https:\\\/\\\/www.lafeedeschamps.ch\\\/de\\\/?s={search_term_string}\"},\"query-input\":{\"@type\":\"PropertyValueSpecification\",\"valueRequired\":true,\"valueName\":\"search_term_string\"}}],\"inLanguage\":\"de\"}]}<\/script>\n<!-- \/ Yoast SEO plugin. -->","yoast_head_json":{"title":"Absinth-Font\u00e4ne &#8211; Distillerie la f\u00e9e des champs - Neuch\u00e2tel","robots":{"index":"index","follow":"follow","max-snippet":"max-snippet:-1","max-image-preview":"max-image-preview:large","max-video-preview":"max-video-preview:-1"},"canonical":"https:\/\/www.lafeedeschamps.ch\/de\/produit\/absinth-fontane\/","og_locale":"de_DE","og_type":"article","og_title":"Absinth-Font\u00e4ne &#8211; Distillerie la f\u00e9e des champs - Neuch\u00e2tel","og_description":"Eine Absinth-Font\u00e4ne, die in Schweizer Handarbeit hergestellt wird.  Die Talente eines Drehers, eines Bl\u00e4sers und eines Feinmechanikers lassen sie entstehen.  Das abgebildete Modell ist aus Eschenholz.","og_url":"https:\/\/www.lafeedeschamps.ch\/de\/produit\/absinth-fontane\/","og_site_name":"Distillerie la f\u00e9e des champs - Neuch\u00e2tel","article_publisher":"https:\/\/www.facebook.com\/Distillerie-la-fe-des-champs-2139588042719849\/","og_image":[{"width":1707,"height":2560,"url":"https:\/\/www.lafeedeschamps.ch\/wp-content\/uploads\/2023\/08\/Fontaine-a-absinthe-Zygoteau-boutique-WEB-1-scaled.jpg","type":"image\/jpeg"}],"twitter_card":"summary_large_image","schema":{"@context":"https:\/\/schema.org","@graph":[{"@type":"WebPage","@id":"https:\/\/www.lafeedeschamps.ch\/de\/produit\/absinth-fontane\/","url":"https:\/\/www.lafeedeschamps.ch\/de\/produit\/absinth-fontane\/","name":"Absinth-Font\u00e4ne &#8211; Distillerie la f\u00e9e des champs - Neuch\u00e2tel","isPartOf":{"@id":"https:\/\/www.lafeedeschamps.ch\/de\/#website"},"primaryImageOfPage":{"@id":"https:\/\/www.lafeedeschamps.ch\/de\/produit\/absinth-fontane\/#primaryimage"},"image":{"@id":"https:\/\/www.lafeedeschamps.ch\/de\/produit\/absinth-fontane\/#primaryimage"},"thumbnailUrl":"https:\/\/www.lafeedeschamps.ch\/wp-content\/uploads\/2023\/08\/Fontaine-a-absinthe-Zygoteau-WEB-scaled.jpg","datePublished":"2023-08-07T11:45:08+00:00","breadcrumb":{"@id":"https:\/\/www.lafeedeschamps.ch\/de\/produit\/absinth-fontane\/#breadcrumb"},"inLanguage":"de","potentialAction":[{"@type":"ReadAction","target":["https:\/\/www.lafeedeschamps.ch\/de\/produit\/absinth-fontane\/"]}]},{"@type":"ImageObject","inLanguage":"de","@id":"https:\/\/www.lafeedeschamps.ch\/de\/produit\/absinth-fontane\/#primaryimage","url":"https:\/\/www.lafeedeschamps.ch\/wp-content\/uploads\/2023\/08\/Fontaine-a-absinthe-Zygoteau-WEB-scaled.jpg","contentUrl":"https:\/\/www.lafeedeschamps.ch\/wp-content\/uploads\/2023\/08\/Fontaine-a-absinthe-Zygoteau-WEB-scaled.jpg","width":1706,"height":2560},{"@type":"BreadcrumbList","@id":"https:\/\/www.lafeedeschamps.ch\/de\/produit\/absinth-fontane\/#breadcrumb","itemListElement":[{"@type":"ListItem","position":1,"name":"Accueil","item":"https:\/\/www.lafeedeschamps.ch\/de\/"},{"@type":"ListItem","position":2,"name":"Shop","item":"https:\/\/www.lafeedeschamps.ch\/de\/shop\/"},{"@type":"ListItem","position":3,"name":"Absinth-Font\u00e4ne"}]},{"@type":"WebSite","@id":"https:\/\/www.lafeedeschamps.ch\/de\/#website","url":"https:\/\/www.lafeedeschamps.ch\/de\/","name":"Distillerie la f\u00e9e des champs","description":"Absinthe artisanale du Val-de-Ruz","potentialAction":[{"@type":"SearchAction","target":{"@type":"EntryPoint","urlTemplate":"https:\/\/www.lafeedeschamps.ch\/de\/?s={search_term_string}"},"query-input":{"@type":"PropertyValueSpecification","valueRequired":true,"valueName":"search_term_string"}}],"inLanguage":"de"}]}},"_links":{"self":[{"href":"https:\/\/www.lafeedeschamps.ch\/de\/wp-json\/wp\/v2\/product\/2159","targetHints":{"allow":["GET"]}}],"collection":[{"href":"https:\/\/www.lafeedeschamps.ch\/de\/wp-json\/wp\/v2\/product"}],"about":[{"href":"https:\/\/www.lafeedeschamps.ch\/de\/wp-json\/wp\/v2\/types\/product"}],"wp:featuredmedia":[{"embeddable":true,"href":"https:\/\/www.lafeedeschamps.ch\/de\/wp-json\/wp\/v2\/media\/2129"}],"wp:attachment":[{"href":"https:\/\/www.lafeedeschamps.ch\/de\/wp-json\/wp\/v2\/media?parent=2159"}],"wp:term":[{"taxonomy":"product_brand","embeddable":true,"href":"https:\/\/www.lafeedeschamps.ch\/de\/wp-json\/wp\/v2\/product_brand?post=2159"},{"taxonomy":"product_cat","embeddable":true,"href":"https:\/\/www.lafeedeschamps.ch\/de\/wp-json\/wp\/v2\/product_cat?post=2159"},{"taxonomy":"product_tag","embeddable":true,"href":"https:\/\/www.lafeedeschamps.ch\/de\/wp-json\/wp\/v2\/product_tag?post=2159"}],"curies":[{"name":"wp","href":"https:\/\/api.w.org\/{rel}","templated":true}]}}