{"id":1935,"date":"2018-03-20T21:01:07","date_gmt":"2018-03-20T20:01:07","guid":{"rendered":"https:\/\/www.lafeedeschamps.ch\/produit\/absinth-belle-bleue\/"},"modified":"2018-03-20T21:01:07","modified_gmt":"2018-03-20T20:01:07","slug":"absinth-belle-bleue","status":"publish","type":"product","link":"https:\/\/www.lafeedeschamps.ch\/de\/produit\/absinth-belle-bleue\/","title":{"rendered":"Belle bleue"},"content":{"rendered":"<p>Das Aroma jeder Pflanze entfaltet sich in einem reichhaltigen Bouquet, unterst\u00fctzt von einer leichten Bitterkeit im Abgang.<br \/>\nEin leichter und erfrischender Absinthe.<br \/>\nSehr frisch konsumiert, tr\u00fcbt man ihn so, wie man ihn liebt.<br \/>\nTraditionell wird er in folgenden Proportionen serviert :<br \/>\n1 Teil Absinth &#8211; 3 Teile Wasser f\u00fcr einen vollmundigen Absinth,<br \/>\n1 Volumen Absinth &#8211; 4 Volumen Wasser f\u00fcr einen Absinth mit Finesse.<\/p>\n","protected":false},"excerpt":{"rendered":"<p>Das Aroma jeder Pflanze entfaltet sich in einem reichhaltigen Bouquet, unterst\u00fctzt von einer leichten Bitterkeit im Abgang.<\/p>\n","protected":false},"featured_media":1713,"template":"","meta":[],"product_brand":[],"product_cat":[62],"product_tag":[],"class_list":{"0":"post-1935","1":"product","2":"type-product","3":"status-publish","4":"has-post-thumbnail","6":"product_cat-absinth-de","7":"product_shipping_class-emballage-de","9":"first","10":"instock","11":"shipping-taxable","12":"purchasable","13":"product-type-simple"},"yoast_head":"<!-- This site is optimized with the Yoast SEO plugin v27.6 - https:\/\/yoast.com\/product\/yoast-seo-wordpress\/ -->\n<title>Belle bleue &#8211; Distillerie la f\u00e9e des champs - Neuch\u00e2tel<\/title>\n<meta name=\"description\" content=\"L&#039; ar\u00f4me de chaque plante s&#039;y r\u00e9v\u00e8le en un riche bouquet,soutenu par une l\u00e9g\u00e8re amertume finale.Une absinthe l\u00e9g\u00e8re et rafra\u00eechissante.\" \/>\n<meta name=\"robots\" content=\"index, follow, max-snippet:-1, max-image-preview:large, max-video-preview:-1\" \/>\n<link rel=\"canonical\" href=\"https:\/\/www.lafeedeschamps.ch\/de\/produit\/absinth-belle-bleue\/\" \/>\n<meta property=\"og:locale\" content=\"de_DE\" \/>\n<meta property=\"og:type\" content=\"article\" \/>\n<meta property=\"og:title\" content=\"Belle bleue &#8211; Distillerie la f\u00e9e des champs - Neuch\u00e2tel\" \/>\n<meta property=\"og:description\" content=\"L&#039; ar\u00f4me de chaque plante s&#039;y r\u00e9v\u00e8le en un riche bouquet,soutenu par une l\u00e9g\u00e8re amertume finale.Une absinthe l\u00e9g\u00e8re et rafra\u00eechissante.\" \/>\n<meta property=\"og:url\" content=\"https:\/\/www.lafeedeschamps.ch\/de\/produit\/absinth-belle-bleue\/\" \/>\n<meta property=\"og:site_name\" content=\"Distillerie la f\u00e9e des champs - Neuch\u00e2tel\" \/>\n<meta property=\"article:publisher\" content=\"https:\/\/www.facebook.com\/Distillerie-la-fe-des-champs-2139588042719849\/\" \/>\n<meta property=\"og:image\" content=\"https:\/\/www.lafeedeschamps.ch\/wp-content\/uploads\/2018\/11\/Belle-bleue-WEB-695x1024.jpg\" \/>\n\t<meta property=\"og:image:width\" content=\"695\" \/>\n\t<meta property=\"og:image:height\" content=\"1024\" \/>\n\t<meta property=\"og:image:type\" content=\"image\/jpeg\" \/>\n<meta name=\"twitter:card\" content=\"summary_large_image\" \/>\n<script type=\"application\/ld+json\" class=\"yoast-schema-graph\">{\"@context\":\"https:\\\/\\\/schema.org\",\"@graph\":[{\"@type\":\"WebPage\",\"@id\":\"https:\\\/\\\/www.lafeedeschamps.ch\\\/de\\\/produit\\\/absinth-belle-bleue\\\/\",\"url\":\"https:\\\/\\\/www.lafeedeschamps.ch\\\/de\\\/produit\\\/absinth-belle-bleue\\\/\",\"name\":\"Belle bleue &#8211; Distillerie la f\u00e9e des champs - Neuch\u00e2tel\",\"isPartOf\":{\"@id\":\"https:\\\/\\\/www.lafeedeschamps.ch\\\/de\\\/#website\"},\"primaryImageOfPage\":{\"@id\":\"https:\\\/\\\/www.lafeedeschamps.ch\\\/de\\\/produit\\\/absinth-belle-bleue\\\/#primaryimage\"},\"image\":{\"@id\":\"https:\\\/\\\/www.lafeedeschamps.ch\\\/de\\\/produit\\\/absinth-belle-bleue\\\/#primaryimage\"},\"thumbnailUrl\":\"https:\\\/\\\/www.lafeedeschamps.ch\\\/wp-content\\\/uploads\\\/2018\\\/11\\\/Belle-bleue-WEB-scaled.jpg\",\"datePublished\":\"2018-03-20T20:01:07+00:00\",\"description\":\"L' ar\u00f4me de chaque plante s'y r\u00e9v\u00e8le en un riche bouquet,soutenu par une l\u00e9g\u00e8re amertume finale.Une absinthe l\u00e9g\u00e8re et rafra\u00eechissante.\",\"breadcrumb\":{\"@id\":\"https:\\\/\\\/www.lafeedeschamps.ch\\\/de\\\/produit\\\/absinth-belle-bleue\\\/#breadcrumb\"},\"inLanguage\":\"de\",\"potentialAction\":[{\"@type\":\"ReadAction\",\"target\":[\"https:\\\/\\\/www.lafeedeschamps.ch\\\/de\\\/produit\\\/absinth-belle-bleue\\\/\"]}]},{\"@type\":\"ImageObject\",\"inLanguage\":\"de\",\"@id\":\"https:\\\/\\\/www.lafeedeschamps.ch\\\/de\\\/produit\\\/absinth-belle-bleue\\\/#primaryimage\",\"url\":\"https:\\\/\\\/www.lafeedeschamps.ch\\\/wp-content\\\/uploads\\\/2018\\\/11\\\/Belle-bleue-WEB-scaled.jpg\",\"contentUrl\":\"https:\\\/\\\/www.lafeedeschamps.ch\\\/wp-content\\\/uploads\\\/2018\\\/11\\\/Belle-bleue-WEB-scaled.jpg\",\"width\":3844,\"height\":5664},{\"@type\":\"BreadcrumbList\",\"@id\":\"https:\\\/\\\/www.lafeedeschamps.ch\\\/de\\\/produit\\\/absinth-belle-bleue\\\/#breadcrumb\",\"itemListElement\":[{\"@type\":\"ListItem\",\"position\":1,\"name\":\"Accueil\",\"item\":\"https:\\\/\\\/www.lafeedeschamps.ch\\\/de\\\/\"},{\"@type\":\"ListItem\",\"position\":2,\"name\":\"Shop\",\"item\":\"https:\\\/\\\/www.lafeedeschamps.ch\\\/de\\\/shop\\\/\"},{\"@type\":\"ListItem\",\"position\":3,\"name\":\"Belle bleue\"}]},{\"@type\":\"WebSite\",\"@id\":\"https:\\\/\\\/www.lafeedeschamps.ch\\\/de\\\/#website\",\"url\":\"https:\\\/\\\/www.lafeedeschamps.ch\\\/de\\\/\",\"name\":\"Distillerie la f\u00e9e des champs\",\"description\":\"Absinthe artisanale du Val-de-Ruz\",\"potentialAction\":[{\"@type\":\"SearchAction\",\"target\":{\"@type\":\"EntryPoint\",\"urlTemplate\":\"https:\\\/\\\/www.lafeedeschamps.ch\\\/de\\\/?s={search_term_string}\"},\"query-input\":{\"@type\":\"PropertyValueSpecification\",\"valueRequired\":true,\"valueName\":\"search_term_string\"}}],\"inLanguage\":\"de\"}]}<\/script>\n<!-- \/ Yoast SEO plugin. -->","yoast_head_json":{"title":"Belle bleue &#8211; Distillerie la f\u00e9e des champs - Neuch\u00e2tel","description":"L' ar\u00f4me de chaque plante s'y r\u00e9v\u00e8le en un riche bouquet,soutenu par une l\u00e9g\u00e8re amertume finale.Une absinthe l\u00e9g\u00e8re et rafra\u00eechissante.","robots":{"index":"index","follow":"follow","max-snippet":"max-snippet:-1","max-image-preview":"max-image-preview:large","max-video-preview":"max-video-preview:-1"},"canonical":"https:\/\/www.lafeedeschamps.ch\/de\/produit\/absinth-belle-bleue\/","og_locale":"de_DE","og_type":"article","og_title":"Belle bleue &#8211; Distillerie la f\u00e9e des champs - Neuch\u00e2tel","og_description":"L' ar\u00f4me de chaque plante s'y r\u00e9v\u00e8le en un riche bouquet,soutenu par une l\u00e9g\u00e8re amertume finale.Une absinthe l\u00e9g\u00e8re et rafra\u00eechissante.","og_url":"https:\/\/www.lafeedeschamps.ch\/de\/produit\/absinth-belle-bleue\/","og_site_name":"Distillerie la f\u00e9e des champs - Neuch\u00e2tel","article_publisher":"https:\/\/www.facebook.com\/Distillerie-la-fe-des-champs-2139588042719849\/","og_image":[{"width":695,"height":1024,"url":"https:\/\/www.lafeedeschamps.ch\/wp-content\/uploads\/2018\/11\/Belle-bleue-WEB-695x1024.jpg","type":"image\/jpeg"}],"twitter_card":"summary_large_image","schema":{"@context":"https:\/\/schema.org","@graph":[{"@type":"WebPage","@id":"https:\/\/www.lafeedeschamps.ch\/de\/produit\/absinth-belle-bleue\/","url":"https:\/\/www.lafeedeschamps.ch\/de\/produit\/absinth-belle-bleue\/","name":"Belle bleue &#8211; Distillerie la f\u00e9e des champs - Neuch\u00e2tel","isPartOf":{"@id":"https:\/\/www.lafeedeschamps.ch\/de\/#website"},"primaryImageOfPage":{"@id":"https:\/\/www.lafeedeschamps.ch\/de\/produit\/absinth-belle-bleue\/#primaryimage"},"image":{"@id":"https:\/\/www.lafeedeschamps.ch\/de\/produit\/absinth-belle-bleue\/#primaryimage"},"thumbnailUrl":"https:\/\/www.lafeedeschamps.ch\/wp-content\/uploads\/2018\/11\/Belle-bleue-WEB-scaled.jpg","datePublished":"2018-03-20T20:01:07+00:00","description":"L' ar\u00f4me de chaque plante s'y r\u00e9v\u00e8le en un riche bouquet,soutenu par une l\u00e9g\u00e8re amertume finale.Une absinthe l\u00e9g\u00e8re et rafra\u00eechissante.","breadcrumb":{"@id":"https:\/\/www.lafeedeschamps.ch\/de\/produit\/absinth-belle-bleue\/#breadcrumb"},"inLanguage":"de","potentialAction":[{"@type":"ReadAction","target":["https:\/\/www.lafeedeschamps.ch\/de\/produit\/absinth-belle-bleue\/"]}]},{"@type":"ImageObject","inLanguage":"de","@id":"https:\/\/www.lafeedeschamps.ch\/de\/produit\/absinth-belle-bleue\/#primaryimage","url":"https:\/\/www.lafeedeschamps.ch\/wp-content\/uploads\/2018\/11\/Belle-bleue-WEB-scaled.jpg","contentUrl":"https:\/\/www.lafeedeschamps.ch\/wp-content\/uploads\/2018\/11\/Belle-bleue-WEB-scaled.jpg","width":3844,"height":5664},{"@type":"BreadcrumbList","@id":"https:\/\/www.lafeedeschamps.ch\/de\/produit\/absinth-belle-bleue\/#breadcrumb","itemListElement":[{"@type":"ListItem","position":1,"name":"Accueil","item":"https:\/\/www.lafeedeschamps.ch\/de\/"},{"@type":"ListItem","position":2,"name":"Shop","item":"https:\/\/www.lafeedeschamps.ch\/de\/shop\/"},{"@type":"ListItem","position":3,"name":"Belle bleue"}]},{"@type":"WebSite","@id":"https:\/\/www.lafeedeschamps.ch\/de\/#website","url":"https:\/\/www.lafeedeschamps.ch\/de\/","name":"Distillerie la f\u00e9e des champs","description":"Absinthe artisanale du Val-de-Ruz","potentialAction":[{"@type":"SearchAction","target":{"@type":"EntryPoint","urlTemplate":"https:\/\/www.lafeedeschamps.ch\/de\/?s={search_term_string}"},"query-input":{"@type":"PropertyValueSpecification","valueRequired":true,"valueName":"search_term_string"}}],"inLanguage":"de"}]}},"_links":{"self":[{"href":"https:\/\/www.lafeedeschamps.ch\/de\/wp-json\/wp\/v2\/product\/1935","targetHints":{"allow":["GET"]}}],"collection":[{"href":"https:\/\/www.lafeedeschamps.ch\/de\/wp-json\/wp\/v2\/product"}],"about":[{"href":"https:\/\/www.lafeedeschamps.ch\/de\/wp-json\/wp\/v2\/types\/product"}],"wp:featuredmedia":[{"embeddable":true,"href":"https:\/\/www.lafeedeschamps.ch\/de\/wp-json\/wp\/v2\/media\/1713"}],"wp:attachment":[{"href":"https:\/\/www.lafeedeschamps.ch\/de\/wp-json\/wp\/v2\/media?parent=1935"}],"wp:term":[{"taxonomy":"product_brand","embeddable":true,"href":"https:\/\/www.lafeedeschamps.ch\/de\/wp-json\/wp\/v2\/product_brand?post=1935"},{"taxonomy":"product_cat","embeddable":true,"href":"https:\/\/www.lafeedeschamps.ch\/de\/wp-json\/wp\/v2\/product_cat?post=1935"},{"taxonomy":"product_tag","embeddable":true,"href":"https:\/\/www.lafeedeschamps.ch\/de\/wp-json\/wp\/v2\/product_tag?post=1935"}],"curies":[{"name":"wp","href":"https:\/\/api.w.org\/{rel}","templated":true}]}}