{"id":1810,"date":"2018-11-29T16:27:22","date_gmt":"2018-11-29T15:27:22","guid":{"rendered":"https:\/\/www.lafeedeschamps.ch\/produit\/bleue-verte-2\/"},"modified":"2023-08-14T08:20:21","modified_gmt":"2023-08-14T06:20:21","slug":"absinthe-bleue-verte","status":"publish","type":"product","link":"https:\/\/www.lafeedeschamps.ch\/de\/produit\/absinthe-bleue-verte\/","title":{"rendered":"Bleue verte"},"content":{"rendered":"<p>Eine Streicheleinheit aus S\u00fc\u00dfe und Bitterkeit.<br \/>\nArtemis in seinem Spiel gefangen.<br \/>\nDer Gro\u00dfe Abstinth (artemisia absinthium) eingefangen.<br \/>\nDieser gr\u00fcne Absinth wird auf nat\u00fcrliche Weise gef\u00e4rbt, indem Chlorophyll aus verschiedenen Pflanzen extrahiert wird.<br \/>\nDa die Chlorophyllpigmente sehr UV-empfindlich sind, sollten Sie die Flasche vor Licht gesch\u00fctzt aufbewahren,<br \/>\num das Kleid dieser Fee zu erhalten.<br \/>\nEine eventuelle Ver\u00e4nderung der gr\u00fcnen Farbe beeintr\u00e4chtigt in keiner Weise die Geruchs- und Geschmacksqualit\u00e4ten des Produkts.<\/p>\n","protected":false},"excerpt":{"rendered":"<p>Eine Streicheleinheit aus S\u00fc\u00dfe und Bitterkeit.<br \/>\nArtemis in seinem Spiel gefangen.<br \/>\nDer Gro\u00dfe Abstinth (artemisia absinthium) eingefangen.<\/p>\n","protected":false},"featured_media":1710,"template":"","meta":[],"product_brand":[],"product_cat":[62],"product_tag":[],"class_list":{"0":"post-1810","1":"product","2":"type-product","3":"status-publish","4":"has-post-thumbnail","6":"product_cat-absinth-de","7":"product_shipping_class-emballage-de","9":"first","10":"instock","11":"shipping-taxable","12":"purchasable","13":"product-type-simple"},"yoast_head":"<!-- This site is optimized with the Yoast SEO plugin v27.6 - https:\/\/yoast.com\/product\/yoast-seo-wordpress\/ -->\n<title>Bleue verte &#8211; Distillerie la f\u00e9e des champs - Neuch\u00e2tel<\/title>\n<meta name=\"robots\" content=\"index, follow, max-snippet:-1, max-image-preview:large, max-video-preview:-1\" \/>\n<link rel=\"canonical\" href=\"https:\/\/www.lafeedeschamps.ch\/de\/produit\/absinthe-bleue-verte\/\" \/>\n<meta property=\"og:locale\" content=\"de_DE\" \/>\n<meta property=\"og:type\" content=\"article\" \/>\n<meta property=\"og:title\" content=\"Bleue verte &#8211; Distillerie la f\u00e9e des champs - Neuch\u00e2tel\" \/>\n<meta property=\"og:description\" content=\"Eine Streicheleinheit aus S\u00fc\u00dfe und Bitterkeit. Artemis in seinem Spiel gefangen. Der Gro\u00dfe Abstinth (artemisia absinthium) eingefangen.\" \/>\n<meta property=\"og:url\" content=\"https:\/\/www.lafeedeschamps.ch\/de\/produit\/absinthe-bleue-verte\/\" \/>\n<meta property=\"og:site_name\" content=\"Distillerie la f\u00e9e des champs - Neuch\u00e2tel\" \/>\n<meta property=\"article:publisher\" content=\"https:\/\/www.facebook.com\/Distillerie-la-fe-des-champs-2139588042719849\/\" \/>\n<meta property=\"article:modified_time\" content=\"2023-08-14T06:20:21+00:00\" \/>\n<meta property=\"og:image\" content=\"https:\/\/www.lafeedeschamps.ch\/wp-content\/uploads\/2018\/11\/Bleue-verte-WEB-2.jpg\" \/>\n\t<meta property=\"og:image:width\" content=\"3894\" \/>\n\t<meta property=\"og:image:height\" content=\"5841\" \/>\n\t<meta property=\"og:image:type\" content=\"image\/jpeg\" \/>\n<meta name=\"twitter:card\" content=\"summary_large_image\" \/>\n<script type=\"application\/ld+json\" class=\"yoast-schema-graph\">{\"@context\":\"https:\\\/\\\/schema.org\",\"@graph\":[{\"@type\":\"WebPage\",\"@id\":\"https:\\\/\\\/www.lafeedeschamps.ch\\\/de\\\/produit\\\/absinthe-bleue-verte\\\/\",\"url\":\"https:\\\/\\\/www.lafeedeschamps.ch\\\/de\\\/produit\\\/absinthe-bleue-verte\\\/\",\"name\":\"Bleue verte &#8211; Distillerie la f\u00e9e des champs - Neuch\u00e2tel\",\"isPartOf\":{\"@id\":\"https:\\\/\\\/www.lafeedeschamps.ch\\\/de\\\/#website\"},\"primaryImageOfPage\":{\"@id\":\"https:\\\/\\\/www.lafeedeschamps.ch\\\/de\\\/produit\\\/absinthe-bleue-verte\\\/#primaryimage\"},\"image\":{\"@id\":\"https:\\\/\\\/www.lafeedeschamps.ch\\\/de\\\/produit\\\/absinthe-bleue-verte\\\/#primaryimage\"},\"thumbnailUrl\":\"https:\\\/\\\/www.lafeedeschamps.ch\\\/wp-content\\\/uploads\\\/2018\\\/11\\\/Bleue-verte-WEB-2-scaled.jpg\",\"datePublished\":\"2018-11-29T15:27:22+00:00\",\"dateModified\":\"2023-08-14T06:20:21+00:00\",\"breadcrumb\":{\"@id\":\"https:\\\/\\\/www.lafeedeschamps.ch\\\/de\\\/produit\\\/absinthe-bleue-verte\\\/#breadcrumb\"},\"inLanguage\":\"de\",\"potentialAction\":[{\"@type\":\"ReadAction\",\"target\":[\"https:\\\/\\\/www.lafeedeschamps.ch\\\/de\\\/produit\\\/absinthe-bleue-verte\\\/\"]}]},{\"@type\":\"ImageObject\",\"inLanguage\":\"de\",\"@id\":\"https:\\\/\\\/www.lafeedeschamps.ch\\\/de\\\/produit\\\/absinthe-bleue-verte\\\/#primaryimage\",\"url\":\"https:\\\/\\\/www.lafeedeschamps.ch\\\/wp-content\\\/uploads\\\/2018\\\/11\\\/Bleue-verte-WEB-2-scaled.jpg\",\"contentUrl\":\"https:\\\/\\\/www.lafeedeschamps.ch\\\/wp-content\\\/uploads\\\/2018\\\/11\\\/Bleue-verte-WEB-2-scaled.jpg\",\"width\":3894,\"height\":5841},{\"@type\":\"BreadcrumbList\",\"@id\":\"https:\\\/\\\/www.lafeedeschamps.ch\\\/de\\\/produit\\\/absinthe-bleue-verte\\\/#breadcrumb\",\"itemListElement\":[{\"@type\":\"ListItem\",\"position\":1,\"name\":\"Accueil\",\"item\":\"https:\\\/\\\/www.lafeedeschamps.ch\\\/de\\\/\"},{\"@type\":\"ListItem\",\"position\":2,\"name\":\"Shop\",\"item\":\"https:\\\/\\\/www.lafeedeschamps.ch\\\/de\\\/shop\\\/\"},{\"@type\":\"ListItem\",\"position\":3,\"name\":\"Bleue verte\"}]},{\"@type\":\"WebSite\",\"@id\":\"https:\\\/\\\/www.lafeedeschamps.ch\\\/de\\\/#website\",\"url\":\"https:\\\/\\\/www.lafeedeschamps.ch\\\/de\\\/\",\"name\":\"Distillerie la f\u00e9e des champs\",\"description\":\"Absinthe artisanale du Val-de-Ruz\",\"potentialAction\":[{\"@type\":\"SearchAction\",\"target\":{\"@type\":\"EntryPoint\",\"urlTemplate\":\"https:\\\/\\\/www.lafeedeschamps.ch\\\/de\\\/?s={search_term_string}\"},\"query-input\":{\"@type\":\"PropertyValueSpecification\",\"valueRequired\":true,\"valueName\":\"search_term_string\"}}],\"inLanguage\":\"de\"}]}<\/script>\n<!-- \/ Yoast SEO plugin. -->","yoast_head_json":{"title":"Bleue verte &#8211; Distillerie la f\u00e9e des champs - Neuch\u00e2tel","robots":{"index":"index","follow":"follow","max-snippet":"max-snippet:-1","max-image-preview":"max-image-preview:large","max-video-preview":"max-video-preview:-1"},"canonical":"https:\/\/www.lafeedeschamps.ch\/de\/produit\/absinthe-bleue-verte\/","og_locale":"de_DE","og_type":"article","og_title":"Bleue verte &#8211; Distillerie la f\u00e9e des champs - Neuch\u00e2tel","og_description":"Eine Streicheleinheit aus S\u00fc\u00dfe und Bitterkeit. Artemis in seinem Spiel gefangen. Der Gro\u00dfe Abstinth (artemisia absinthium) eingefangen.","og_url":"https:\/\/www.lafeedeschamps.ch\/de\/produit\/absinthe-bleue-verte\/","og_site_name":"Distillerie la f\u00e9e des champs - Neuch\u00e2tel","article_publisher":"https:\/\/www.facebook.com\/Distillerie-la-fe-des-champs-2139588042719849\/","article_modified_time":"2023-08-14T06:20:21+00:00","og_image":[{"width":3894,"height":5841,"url":"https:\/\/www.lafeedeschamps.ch\/wp-content\/uploads\/2018\/11\/Bleue-verte-WEB-2.jpg","type":"image\/jpeg"}],"twitter_card":"summary_large_image","schema":{"@context":"https:\/\/schema.org","@graph":[{"@type":"WebPage","@id":"https:\/\/www.lafeedeschamps.ch\/de\/produit\/absinthe-bleue-verte\/","url":"https:\/\/www.lafeedeschamps.ch\/de\/produit\/absinthe-bleue-verte\/","name":"Bleue verte &#8211; Distillerie la f\u00e9e des champs - Neuch\u00e2tel","isPartOf":{"@id":"https:\/\/www.lafeedeschamps.ch\/de\/#website"},"primaryImageOfPage":{"@id":"https:\/\/www.lafeedeschamps.ch\/de\/produit\/absinthe-bleue-verte\/#primaryimage"},"image":{"@id":"https:\/\/www.lafeedeschamps.ch\/de\/produit\/absinthe-bleue-verte\/#primaryimage"},"thumbnailUrl":"https:\/\/www.lafeedeschamps.ch\/wp-content\/uploads\/2018\/11\/Bleue-verte-WEB-2-scaled.jpg","datePublished":"2018-11-29T15:27:22+00:00","dateModified":"2023-08-14T06:20:21+00:00","breadcrumb":{"@id":"https:\/\/www.lafeedeschamps.ch\/de\/produit\/absinthe-bleue-verte\/#breadcrumb"},"inLanguage":"de","potentialAction":[{"@type":"ReadAction","target":["https:\/\/www.lafeedeschamps.ch\/de\/produit\/absinthe-bleue-verte\/"]}]},{"@type":"ImageObject","inLanguage":"de","@id":"https:\/\/www.lafeedeschamps.ch\/de\/produit\/absinthe-bleue-verte\/#primaryimage","url":"https:\/\/www.lafeedeschamps.ch\/wp-content\/uploads\/2018\/11\/Bleue-verte-WEB-2-scaled.jpg","contentUrl":"https:\/\/www.lafeedeschamps.ch\/wp-content\/uploads\/2018\/11\/Bleue-verte-WEB-2-scaled.jpg","width":3894,"height":5841},{"@type":"BreadcrumbList","@id":"https:\/\/www.lafeedeschamps.ch\/de\/produit\/absinthe-bleue-verte\/#breadcrumb","itemListElement":[{"@type":"ListItem","position":1,"name":"Accueil","item":"https:\/\/www.lafeedeschamps.ch\/de\/"},{"@type":"ListItem","position":2,"name":"Shop","item":"https:\/\/www.lafeedeschamps.ch\/de\/shop\/"},{"@type":"ListItem","position":3,"name":"Bleue verte"}]},{"@type":"WebSite","@id":"https:\/\/www.lafeedeschamps.ch\/de\/#website","url":"https:\/\/www.lafeedeschamps.ch\/de\/","name":"Distillerie la f\u00e9e des champs","description":"Absinthe artisanale du Val-de-Ruz","potentialAction":[{"@type":"SearchAction","target":{"@type":"EntryPoint","urlTemplate":"https:\/\/www.lafeedeschamps.ch\/de\/?s={search_term_string}"},"query-input":{"@type":"PropertyValueSpecification","valueRequired":true,"valueName":"search_term_string"}}],"inLanguage":"de"}]}},"_links":{"self":[{"href":"https:\/\/www.lafeedeschamps.ch\/de\/wp-json\/wp\/v2\/product\/1810","targetHints":{"allow":["GET"]}}],"collection":[{"href":"https:\/\/www.lafeedeschamps.ch\/de\/wp-json\/wp\/v2\/product"}],"about":[{"href":"https:\/\/www.lafeedeschamps.ch\/de\/wp-json\/wp\/v2\/types\/product"}],"wp:featuredmedia":[{"embeddable":true,"href":"https:\/\/www.lafeedeschamps.ch\/de\/wp-json\/wp\/v2\/media\/1710"}],"wp:attachment":[{"href":"https:\/\/www.lafeedeschamps.ch\/de\/wp-json\/wp\/v2\/media?parent=1810"}],"wp:term":[{"taxonomy":"product_brand","embeddable":true,"href":"https:\/\/www.lafeedeschamps.ch\/de\/wp-json\/wp\/v2\/product_brand?post=1810"},{"taxonomy":"product_cat","embeddable":true,"href":"https:\/\/www.lafeedeschamps.ch\/de\/wp-json\/wp\/v2\/product_cat?post=1810"},{"taxonomy":"product_tag","embeddable":true,"href":"https:\/\/www.lafeedeschamps.ch\/de\/wp-json\/wp\/v2\/product_tag?post=1810"}],"curies":[{"name":"wp","href":"https:\/\/api.w.org\/{rel}","templated":true}]}}