{"id":1816,"date":"2018-05-09T15:43:58","date_gmt":"2018-05-09T13:43:58","guid":{"rendered":"https:\/\/www.lafeedeschamps.ch\/absinth-brennerei-la-fee-des-champs\/"},"modified":"2026-03-27T09:04:38","modified_gmt":"2026-03-27T08:04:38","slug":"absinth-brennerei-la-fee-des-champs","status":"publish","type":"page","link":"https:\/\/www.lafeedeschamps.ch\/de\/","title":{"rendered":"Absinth-Brennerei la f\u00e9e des champs"},"content":{"rendered":"<p style=\"text-align: left;\"><span style=\"color: #003300;\">Aus der Verbindung sch\u00f6ner Pflanzen entsteht der Absinth auf den Feldern.<\/span><br \/>\n<span style=\"color: #003300;\">Klar in seiner Flasche, verh\u00fcllt er sich unter der Ber\u00fchrung des Wassers.<\/span><br \/>\n<span style=\"color: #003300;\">Seine Tr\u00fcbung verstr\u00f6mt dann ein Arpeggio von D\u00fcften.<\/span><br \/>\n<span style=\"color: #003300;\">Gut gek\u00fchlt bietet er dem Liebhaber einen bitters\u00fc\u00dfen Geschmack.<\/span><\/p>\n<p><span style=\"color: #003300;\">Die Absinthe der Feldfee werden in Villiers im Kanton Neuenburg handwerklich destilliert.<\/span><\/p>\n<p><span style=\"color: #003300;\">Sie schm\u00fccken sich mit farbenfrohen Akzenten. Das Wasser spiegelt darin die Landschaften von Neuenburg wider.<\/span><\/p>\n<p style=\"text-align: left;\"><span style=\"color: #003300;\">Aquarelle und Holzschnitte von lokalen K\u00fcnstlern sind ihre Botschafter.<\/span><br \/>\n<span style=\"color: #003300;\">Aloys Perregaux, Maler aus dem Val de Ruz, hat uns freundlicherweise gestattet,<\/span><br \/>\n<span style=\"color: #003300;\">einige Ausschnitte aus seinem Werk zu reproduzieren, wodurch wir unsere Etiketten gestalten konnten.<\/span><br \/>\n<span style=\"color: #003300;\">Cl\u00e9a Liniger, Biologin und Malerin mit Wohnsitz in Villiers (NE), hat das Emblem der Feldfee entworfen,<\/span><br \/>\n<span style=\"color: #003300;\">auf einen Eschenholzblock graviert, eingef\u00e4rbt und anschlie\u00dfend gedruckt.<\/span><\/p>\n\n<div class=\"wp-block-columns is-layout-flex wp-container-core-columns-is-layout-28f84493 wp-block-columns-is-layout-flex\">\n<div class=\"wp-block-column is-layout-flow wp-block-column-is-layout-flow\">\n<p><\/p>\n<\/div>\n<\/div>\n","protected":false},"excerpt":{"rendered":"<p>Aus der Verbindung sch\u00f6ner Pflanzen entsteht der Absinth auf den Feldern. Klar in seiner Flasche, verh\u00fcllt er sich unter der Ber\u00fchrung des Wassers. Seine Tr\u00fcbung verstr\u00f6mt dann ein Arpeggio von D\u00fcften. Gut gek\u00fchlt bietet er dem Liebhaber einen bitters\u00fc\u00dfen Geschmack. Die Absinthe der Feldfee werden in Villiers im Kanton Neuenburg [&hellip;]<\/p>\n","protected":false},"author":14,"featured_media":0,"parent":0,"menu_order":0,"comment_status":"closed","ping_status":"closed","template":"","meta":{"footnotes":""},"class_list":["post-1816","page","type-page","status-publish","hentry"],"yoast_head":"<!-- This site is optimized with the Yoast SEO plugin v27.6 - https:\/\/yoast.com\/product\/yoast-seo-wordpress\/ -->\n<title>Absinth-Brennerei la f\u00e9e des champs &#8211; Handwerklich hergestellter Absinth aus dem Val-de-Ruz<\/title>\n<meta name=\"description\" content=\"Aus der Verbindung sch\u00f6ner Pflanzen entsteht Absinth auf den Feldern. Absinthbrennerei im Kanton Neuenburg.\" \/>\n<meta name=\"robots\" content=\"index, follow, max-snippet:-1, max-image-preview:large, max-video-preview:-1\" \/>\n<link rel=\"canonical\" href=\"https:\/\/www.lafeedeschamps.ch\/de\/\" \/>\n<meta property=\"og:locale\" content=\"de_DE\" \/>\n<meta property=\"og:type\" content=\"article\" \/>\n<meta property=\"og:title\" content=\"Absinth-Brennerei la f\u00e9e des champs &#8211; Handwerklich hergestellter Absinth aus dem Val-de-Ruz\" \/>\n<meta property=\"og:description\" content=\"Aus der Verbindung sch\u00f6ner Pflanzen entsteht Absinth auf den Feldern. Absinthbrennerei im Kanton Neuenburg.\" \/>\n<meta property=\"og:url\" content=\"https:\/\/www.lafeedeschamps.ch\/de\/\" \/>\n<meta property=\"og:site_name\" content=\"Distillerie la f\u00e9e des champs - Neuch\u00e2tel\" \/>\n<meta property=\"article:publisher\" content=\"https:\/\/www.facebook.com\/Distillerie-la-fe-des-champs-2139588042719849\/\" \/>\n<meta property=\"article:modified_time\" content=\"2026-03-27T08:04:38+00:00\" \/>\n<meta name=\"twitter:card\" content=\"summary_large_image\" \/>\n<meta name=\"twitter:label1\" content=\"Gesch\u00e4tzte Lesezeit\" \/>\n\t<meta name=\"twitter:data1\" content=\"1\u00a0Minute\" \/>\n<script type=\"application\/ld+json\" class=\"yoast-schema-graph\">{\"@context\":\"https:\\\/\\\/schema.org\",\"@graph\":[{\"@type\":\"WebPage\",\"@id\":\"https:\\\/\\\/www.lafeedeschamps.ch\\\/de\\\/\",\"url\":\"https:\\\/\\\/www.lafeedeschamps.ch\\\/de\\\/\",\"name\":\"Absinth-Brennerei la f\u00e9e des champs &#8211; Handwerklich hergestellter Absinth aus dem Val-de-Ruz\",\"isPartOf\":{\"@id\":\"https:\\\/\\\/www.lafeedeschamps.ch\\\/de\\\/#website\"},\"datePublished\":\"2018-05-09T13:43:58+00:00\",\"dateModified\":\"2026-03-27T08:04:38+00:00\",\"description\":\"Aus der Verbindung sch\u00f6ner Pflanzen entsteht Absinth auf den Feldern. Absinthbrennerei im Kanton Neuenburg.\",\"breadcrumb\":{\"@id\":\"https:\\\/\\\/www.lafeedeschamps.ch\\\/de\\\/#breadcrumb\"},\"inLanguage\":\"de\",\"potentialAction\":[{\"@type\":\"ReadAction\",\"target\":[\"https:\\\/\\\/www.lafeedeschamps.ch\\\/de\\\/\"]}]},{\"@type\":\"BreadcrumbList\",\"@id\":\"https:\\\/\\\/www.lafeedeschamps.ch\\\/de\\\/#breadcrumb\",\"itemListElement\":[{\"@type\":\"ListItem\",\"position\":1,\"name\":\"Accueil\",\"item\":\"https:\\\/\\\/www.lafeedeschamps.ch\\\/de\\\/\"},{\"@type\":\"ListItem\",\"position\":2,\"name\":\"Absinth-Brennerei la f\u00e9e des champs\"}]},{\"@type\":\"WebSite\",\"@id\":\"https:\\\/\\\/www.lafeedeschamps.ch\\\/de\\\/#website\",\"url\":\"https:\\\/\\\/www.lafeedeschamps.ch\\\/de\\\/\",\"name\":\"Distillerie la f\u00e9e des champs\",\"description\":\"Absinthe artisanale du Val-de-Ruz\",\"potentialAction\":[{\"@type\":\"SearchAction\",\"target\":{\"@type\":\"EntryPoint\",\"urlTemplate\":\"https:\\\/\\\/www.lafeedeschamps.ch\\\/de\\\/?s={search_term_string}\"},\"query-input\":{\"@type\":\"PropertyValueSpecification\",\"valueRequired\":true,\"valueName\":\"search_term_string\"}}],\"inLanguage\":\"de\"}]}<\/script>\n<!-- \/ Yoast SEO plugin. -->","yoast_head_json":{"title":"Absinth-Brennerei la f\u00e9e des champs &#8211; Handwerklich hergestellter Absinth aus dem Val-de-Ruz","description":"Aus der Verbindung sch\u00f6ner Pflanzen entsteht Absinth auf den Feldern. Absinthbrennerei im Kanton Neuenburg.","robots":{"index":"index","follow":"follow","max-snippet":"max-snippet:-1","max-image-preview":"max-image-preview:large","max-video-preview":"max-video-preview:-1"},"canonical":"https:\/\/www.lafeedeschamps.ch\/de\/","og_locale":"de_DE","og_type":"article","og_title":"Absinth-Brennerei la f\u00e9e des champs &#8211; Handwerklich hergestellter Absinth aus dem Val-de-Ruz","og_description":"Aus der Verbindung sch\u00f6ner Pflanzen entsteht Absinth auf den Feldern. Absinthbrennerei im Kanton Neuenburg.","og_url":"https:\/\/www.lafeedeschamps.ch\/de\/","og_site_name":"Distillerie la f\u00e9e des champs - Neuch\u00e2tel","article_publisher":"https:\/\/www.facebook.com\/Distillerie-la-fe-des-champs-2139588042719849\/","article_modified_time":"2026-03-27T08:04:38+00:00","twitter_card":"summary_large_image","twitter_misc":{"Gesch\u00e4tzte Lesezeit":"1\u00a0Minute"},"schema":{"@context":"https:\/\/schema.org","@graph":[{"@type":"WebPage","@id":"https:\/\/www.lafeedeschamps.ch\/de\/","url":"https:\/\/www.lafeedeschamps.ch\/de\/","name":"Absinth-Brennerei la f\u00e9e des champs &#8211; Handwerklich hergestellter Absinth aus dem Val-de-Ruz","isPartOf":{"@id":"https:\/\/www.lafeedeschamps.ch\/de\/#website"},"datePublished":"2018-05-09T13:43:58+00:00","dateModified":"2026-03-27T08:04:38+00:00","description":"Aus der Verbindung sch\u00f6ner Pflanzen entsteht Absinth auf den Feldern. Absinthbrennerei im Kanton Neuenburg.","breadcrumb":{"@id":"https:\/\/www.lafeedeschamps.ch\/de\/#breadcrumb"},"inLanguage":"de","potentialAction":[{"@type":"ReadAction","target":["https:\/\/www.lafeedeschamps.ch\/de\/"]}]},{"@type":"BreadcrumbList","@id":"https:\/\/www.lafeedeschamps.ch\/de\/#breadcrumb","itemListElement":[{"@type":"ListItem","position":1,"name":"Accueil","item":"https:\/\/www.lafeedeschamps.ch\/de\/"},{"@type":"ListItem","position":2,"name":"Absinth-Brennerei la f\u00e9e des champs"}]},{"@type":"WebSite","@id":"https:\/\/www.lafeedeschamps.ch\/de\/#website","url":"https:\/\/www.lafeedeschamps.ch\/de\/","name":"Distillerie la f\u00e9e des champs","description":"Absinthe artisanale du Val-de-Ruz","potentialAction":[{"@type":"SearchAction","target":{"@type":"EntryPoint","urlTemplate":"https:\/\/www.lafeedeschamps.ch\/de\/?s={search_term_string}"},"query-input":{"@type":"PropertyValueSpecification","valueRequired":true,"valueName":"search_term_string"}}],"inLanguage":"de"}]}},"_links":{"self":[{"href":"https:\/\/www.lafeedeschamps.ch\/de\/wp-json\/wp\/v2\/pages\/1816","targetHints":{"allow":["GET"]}}],"collection":[{"href":"https:\/\/www.lafeedeschamps.ch\/de\/wp-json\/wp\/v2\/pages"}],"about":[{"href":"https:\/\/www.lafeedeschamps.ch\/de\/wp-json\/wp\/v2\/types\/page"}],"author":[{"embeddable":true,"href":"https:\/\/www.lafeedeschamps.ch\/de\/wp-json\/wp\/v2\/users\/14"}],"replies":[{"embeddable":true,"href":"https:\/\/www.lafeedeschamps.ch\/de\/wp-json\/wp\/v2\/comments?post=1816"}],"version-history":[{"count":2,"href":"https:\/\/www.lafeedeschamps.ch\/de\/wp-json\/wp\/v2\/pages\/1816\/revisions"}],"predecessor-version":[{"id":2405,"href":"https:\/\/www.lafeedeschamps.ch\/de\/wp-json\/wp\/v2\/pages\/1816\/revisions\/2405"}],"wp:attachment":[{"href":"https:\/\/www.lafeedeschamps.ch\/de\/wp-json\/wp\/v2\/media?parent=1816"}],"curies":[{"name":"wp","href":"https:\/\/api.w.org\/{rel}","templated":true}]}}